{"id":886,"date":"2026-04-03T17:47:24","date_gmt":"2026-04-03T15:47:24","guid":{"rendered":"https:\/\/stolpersteine.online\/?page_id=886"},"modified":"2026-04-03T17:50:06","modified_gmt":"2026-04-03T15:50:06","slug":"der-foerderverein","status":"publish","type":"page","link":"https:\/\/stolpersteine.online\/?page_id=886","title":{"rendered":"Der F\u00f6rderverein"},"content":{"rendered":"<div class=\"wpb-content-wrapper\"><p>[vc_row][vc_column]<div  class=\"wpb_content_element   clearfix\"><style type=\"text\/css\">#ut_am_69d0288960d38 { opacity: 1; }#ut_am_wrap_69d0288960d3a .ut-image-gallery-item-caption-title h3 { letter-spacing: 0em; }#ut_am_wrap_69d0288960d3a .ut-gallery-slider-caption { font-weight: bold; }#ut_am_wrap_69d0288960d3a { text-align: center; }@media (min-width: 768px) and (max-width: 1024px) { #ut_am_wrap_69d0288960d3a { text-align: center !important; } }@media (max-width: 767px) { #ut_am_wrap_69d0288960d3a { text-align: center !important; } }<\/style><div id=\"ut_am_wrap_69d0288960d3a\" class=\"ut-image-gallery-image \"><div id=\"ut_reveal_69d0288960d3b\"  data-appear-top-offset=\"auto\" class=\"ut-animated-image-item ut-image-gallery-item ut-animation-done \"><a target=\"_blank\" href=\"https:\/\/foerderverein-jugend-und-erinnerungskultur.eu\" ><div class=\"ut-animated-image-zoom\"><img loading=\"lazy\" decoding=\"async\" class=\"ut-lazy skip-lazy ut-animated-image \"  id=\"ut_am_69d0288960d38\" src=\"data:image\/svg+xml;charset=utf-8,%3Csvg xmlns%3D'http%3A%2F%2Fwww.w3.org%2F2000%2Fsvg' viewBox%3D'0 0 350 350'%2F%3E\" data-src=\"https:\/\/stolpersteine.online\/wp-content\/uploads\/LOGO-VEREIN-350x350.png\" width=\"350\" height=\"350\" alt=\"\"\/><\/div><\/a><\/div><\/div><\/div>[vc_column_text]<\/p>\n<p style=\"text-align: center;\">Das Projekt <strong>StolpersteinFilme &#8211; Filme gegen das Vergessen<\/strong> ist ein Projekt des <a href=\"https:\/\/foerderverein-jugend-und-erinnerungskultur.eu\" target=\"_blank\" rel=\"noopener\">F\u00f6rderverein Jugend und Erinnerungskultur e.V.<\/a><\/p>\n<p style=\"text-align: center;\"><a href=\"https:\/\/foerderverein-jugend-und-erinnerungskultur.eu\" target=\"_blank\" rel=\"noopener\">Hier<\/a> erfahren Sie mehr \u00fcber den Verein und die M\u00f6glichkeit, unsere gemeinn\u00fctzigen Projekte zu unterst\u00fctzen.<\/p>\n<p>[\/vc_column_text][\/vc_column][\/vc_row]<\/p>\n<\/div>","protected":false},"excerpt":{"rendered":"<p>[vc_row][vc_column][vc_column_text] Das Projekt StolpersteinFilme &#8211; Filme gegen das Vergessen ist ein Projekt des F\u00f6rderverein Jugend und Erinnerungskultur e.V. Hier erfahren Sie mehr \u00fcber den Verein und die M\u00f6glichkeit, unsere gemeinn\u00fctzigen Projekte zu unterst\u00fctzen. [\/vc_column_text][\/vc_column][\/vc_row]<\/p>\n","protected":false},"author":1,"featured_media":0,"parent":0,"menu_order":0,"comment_status":"closed","ping_status":"closed","template":"","meta":{"footnotes":""},"class_list":["post-886","page","type-page","status-publish","hentry"],"_links":{"self":[{"href":"https:\/\/stolpersteine.online\/index.php?rest_route=\/wp\/v2\/pages\/886","targetHints":{"allow":["GET"]}}],"collection":[{"href":"https:\/\/stolpersteine.online\/index.php?rest_route=\/wp\/v2\/pages"}],"about":[{"href":"https:\/\/stolpersteine.online\/index.php?rest_route=\/wp\/v2\/types\/page"}],"author":[{"embeddable":true,"href":"https:\/\/stolpersteine.online\/index.php?rest_route=\/wp\/v2\/users\/1"}],"replies":[{"embeddable":true,"href":"https:\/\/stolpersteine.online\/index.php?rest_route=%2Fwp%2Fv2%2Fcomments&post=886"}],"version-history":[{"count":5,"href":"https:\/\/stolpersteine.online\/index.php?rest_route=\/wp\/v2\/pages\/886\/revisions"}],"predecessor-version":[{"id":893,"href":"https:\/\/stolpersteine.online\/index.php?rest_route=\/wp\/v2\/pages\/886\/revisions\/893"}],"wp:attachment":[{"href":"https:\/\/stolpersteine.online\/index.php?rest_route=%2Fwp%2Fv2%2Fmedia&parent=886"}],"curies":[{"name":"wp","href":"https:\/\/api.w.org\/{rel}","templated":true}]}}